{"id":11,"date":"2024-02-02T13:53:31","date_gmt":"2024-02-02T13:53:31","guid":{"rendered":"https:\/\/anz.ferlyo.com\/?page_id=11"},"modified":"2024-02-26T11:38:18","modified_gmt":"2024-02-26T11:38:18","slug":"papercraft","status":"publish","type":"page","link":"https:\/\/anz.ferlyo.com\/?page_id=11","title":{"rendered":"Papercraft"},"content":{"rendered":"\n<p>Cr\u00e9ation en papier cartonn\u00e9 et confectionner gr\u00e2ce \u00e0 de nombreux pliages et beaucoup de colle.<\/p>\n\n\n\n<figure class=\"wp-block-gallery has-nested-images columns-default wp-block-gallery-1 is-layout-flex wp-block-gallery-is-layout-flex\">\n<figure class=\"wp-block-image size-large\"><img fetchpriority=\"high\" decoding=\"async\" width=\"1024\" height=\"768\" data-id=\"43\" src=\"https:\/\/anz.ferlyo.com\/wp-content\/uploads\/2024\/02\/IMG_1634-1024x768.jpg\" alt=\"\" class=\"wp-image-43\" srcset=\"https:\/\/anz.ferlyo.com\/wp-content\/uploads\/2024\/02\/IMG_1634-1024x768.jpg 1024w, https:\/\/anz.ferlyo.com\/wp-content\/uploads\/2024\/02\/IMG_1634-300x225.jpg 300w, https:\/\/anz.ferlyo.com\/wp-content\/uploads\/2024\/02\/IMG_1634-768x576.jpg 768w, https:\/\/anz.ferlyo.com\/wp-content\/uploads\/2024\/02\/IMG_1634-1536x1152.jpg 1536w, https:\/\/anz.ferlyo.com\/wp-content\/uploads\/2024\/02\/IMG_1634-2048x1536.jpg 2048w\" sizes=\"(max-width: 1024px) 100vw, 1024px\" \/><\/figure>\n\n\n\n<figure class=\"wp-block-image size-large\"><img decoding=\"async\" width=\"768\" height=\"1024\" data-id=\"39\" src=\"https:\/\/anz.ferlyo.com\/wp-content\/uploads\/2024\/02\/IMG_0696-768x1024.jpg\" alt=\"\" class=\"wp-image-39\" srcset=\"https:\/\/anz.ferlyo.com\/wp-content\/uploads\/2024\/02\/IMG_0696-768x1024.jpg 768w, https:\/\/anz.ferlyo.com\/wp-content\/uploads\/2024\/02\/IMG_0696-225x300.jpg 225w, https:\/\/anz.ferlyo.com\/wp-content\/uploads\/2024\/02\/IMG_0696-1152x1536.jpg 1152w, https:\/\/anz.ferlyo.com\/wp-content\/uploads\/2024\/02\/IMG_0696-1536x2048.jpg 1536w, https:\/\/anz.ferlyo.com\/wp-content\/uploads\/2024\/02\/IMG_0696-scaled.jpg 1920w\" sizes=\"(max-width: 768px) 100vw, 768px\" \/><\/figure>\n\n\n\n<figure class=\"wp-block-image size-large\"><img decoding=\"async\" width=\"768\" height=\"1024\" data-id=\"193\" src=\"https:\/\/anz.ferlyo.com\/wp-content\/uploads\/2024\/02\/IMG_1628-Grande-768x1024.jpeg\" alt=\"\" class=\"wp-image-193\" srcset=\"https:\/\/anz.ferlyo.com\/wp-content\/uploads\/2024\/02\/IMG_1628-Grande-768x1024.jpeg 768w, https:\/\/anz.ferlyo.com\/wp-content\/uploads\/2024\/02\/IMG_1628-Grande-225x300.jpeg 225w, https:\/\/anz.ferlyo.com\/wp-content\/uploads\/2024\/02\/IMG_1628-Grande.jpeg 960w\" sizes=\"(max-width: 768px) 100vw, 768px\" \/><\/figure>\n\n\n\n<figure class=\"wp-block-image size-large\"><img loading=\"lazy\" decoding=\"async\" width=\"768\" height=\"1024\" data-id=\"194\" src=\"https:\/\/anz.ferlyo.com\/wp-content\/uploads\/2024\/02\/IMG_1630-Grande-768x1024.jpeg\" alt=\"\" class=\"wp-image-194\" srcset=\"https:\/\/anz.ferlyo.com\/wp-content\/uploads\/2024\/02\/IMG_1630-Grande-768x1024.jpeg 768w, https:\/\/anz.ferlyo.com\/wp-content\/uploads\/2024\/02\/IMG_1630-Grande-225x300.jpeg 225w, https:\/\/anz.ferlyo.com\/wp-content\/uploads\/2024\/02\/IMG_1630-Grande.jpeg 960w\" sizes=\"(max-width: 768px) 100vw, 768px\" \/><\/figure>\n\n\n\n<figure class=\"wp-block-image size-large\"><img loading=\"lazy\" decoding=\"async\" width=\"768\" height=\"1024\" data-id=\"195\" src=\"https:\/\/anz.ferlyo.com\/wp-content\/uploads\/2024\/02\/IMG_1631-Grande-768x1024.jpeg\" alt=\"\" class=\"wp-image-195\" srcset=\"https:\/\/anz.ferlyo.com\/wp-content\/uploads\/2024\/02\/IMG_1631-Grande-768x1024.jpeg 768w, https:\/\/anz.ferlyo.com\/wp-content\/uploads\/2024\/02\/IMG_1631-Grande-225x300.jpeg 225w, https:\/\/anz.ferlyo.com\/wp-content\/uploads\/2024\/02\/IMG_1631-Grande.jpeg 960w\" sizes=\"(max-width: 768px) 100vw, 768px\" \/><\/figure>\n\n\n\n<figure class=\"wp-block-image size-large\"><img loading=\"lazy\" decoding=\"async\" width=\"768\" height=\"1024\" data-id=\"196\" src=\"https:\/\/anz.ferlyo.com\/wp-content\/uploads\/2024\/02\/IMG_1633-Grande-768x1024.jpeg\" alt=\"\" class=\"wp-image-196\" srcset=\"https:\/\/anz.ferlyo.com\/wp-content\/uploads\/2024\/02\/IMG_1633-Grande-768x1024.jpeg 768w, https:\/\/anz.ferlyo.com\/wp-content\/uploads\/2024\/02\/IMG_1633-Grande-225x300.jpeg 225w, https:\/\/anz.ferlyo.com\/wp-content\/uploads\/2024\/02\/IMG_1633-Grande.jpeg 960w\" sizes=\"(max-width: 768px) 100vw, 768px\" \/><\/figure>\n\n\n\n<figure class=\"wp-block-image size-large\"><img loading=\"lazy\" decoding=\"async\" width=\"768\" height=\"1024\" data-id=\"172\" src=\"https:\/\/anz.ferlyo.com\/wp-content\/uploads\/2024\/02\/62626815631__4F7EF667-8688-4D20-AB89-61715859B973-Grande-768x1024.jpeg\" alt=\"\" class=\"wp-image-172\" srcset=\"https:\/\/anz.ferlyo.com\/wp-content\/uploads\/2024\/02\/62626815631__4F7EF667-8688-4D20-AB89-61715859B973-Grande-768x1024.jpeg 768w, https:\/\/anz.ferlyo.com\/wp-content\/uploads\/2024\/02\/62626815631__4F7EF667-8688-4D20-AB89-61715859B973-Grande-225x300.jpeg 225w, https:\/\/anz.ferlyo.com\/wp-content\/uploads\/2024\/02\/62626815631__4F7EF667-8688-4D20-AB89-61715859B973-Grande.jpeg 960w\" sizes=\"(max-width: 768px) 100vw, 768px\" \/><\/figure>\n<\/figure>\n","protected":false},"excerpt":{"rendered":"<p>Cr\u00e9ation en papier cartonn\u00e9 et confectionner gr\u00e2ce \u00e0 de nombreux pliages et beaucoup de colle.<\/p>\n","protected":false},"author":1,"featured_media":0,"parent":0,"menu_order":0,"comment_status":"closed","ping_status":"closed","template":"","meta":{"footnotes":""},"_links":{"self":[{"href":"https:\/\/anz.ferlyo.com\/index.php?rest_route=\/wp\/v2\/pages\/11"}],"collection":[{"href":"https:\/\/anz.ferlyo.com\/index.php?rest_route=\/wp\/v2\/pages"}],"about":[{"href":"https:\/\/anz.ferlyo.com\/index.php?rest_route=\/wp\/v2\/types\/page"}],"author":[{"embeddable":true,"href":"https:\/\/anz.ferlyo.com\/index.php?rest_route=\/wp\/v2\/users\/1"}],"replies":[{"embeddable":true,"href":"https:\/\/anz.ferlyo.com\/index.php?rest_route=%2Fwp%2Fv2%2Fcomments&post=11"}],"version-history":[{"count":4,"href":"https:\/\/anz.ferlyo.com\/index.php?rest_route=\/wp\/v2\/pages\/11\/revisions"}],"predecessor-version":[{"id":385,"href":"https:\/\/anz.ferlyo.com\/index.php?rest_route=\/wp\/v2\/pages\/11\/revisions\/385"}],"wp:attachment":[{"href":"https:\/\/anz.ferlyo.com\/index.php?rest_route=%2Fwp%2Fv2%2Fmedia&parent=11"}],"curies":[{"name":"wp","href":"https:\/\/api.w.org\/{rel}","templated":true}]}}