{"id":303,"date":"2024-02-08T14:10:22","date_gmt":"2024-02-08T14:10:22","guid":{"rendered":"https:\/\/anz.ferlyo.com\/?page_id=303"},"modified":"2024-03-15T10:07:41","modified_gmt":"2024-03-15T10:07:41","slug":"projet-groupe-de-musiques-acoustiques","status":"publish","type":"page","link":"https:\/\/anz.ferlyo.com\/?page_id=303","title":{"rendered":"Cr\u00e9ation Logo Kat&rsquo;n POP"},"content":{"rendered":"\t\t<div data-elementor-type=\"wp-page\" data-elementor-id=\"303\" class=\"elementor elementor-303\">\n\t\t\t\t<div class=\"elementor-element elementor-element-b4c79eb e-flex e-con-boxed e-con e-parent\" data-id=\"b4c79eb\" data-element_type=\"container\">\n\t\t\t\t\t<div class=\"e-con-inner\">\n\t\t\t\t<div class=\"elementor-element elementor-element-6b7ccb0 elementor-widget elementor-widget-heading\" data-id=\"6b7ccb0\" data-element_type=\"widget\" data-widget_type=\"heading.default\">\n\t\t\t\t<div class=\"elementor-widget-container\">\n\t\t\t<h2 class=\"elementor-heading-title elementor-size-default\">Projet Logo pour un groupe acoustique<\/h2>\t\t<\/div>\n\t\t\t\t<\/div>\n\t\t\t\t\t<\/div>\n\t\t\t\t<\/div>\n\t\t<div class=\"elementor-element elementor-element-058701d e-flex e-con-boxed e-con e-parent\" data-id=\"058701d\" data-element_type=\"container\">\n\t\t\t\t\t<div class=\"e-con-inner\">\n\t\t\t\t<div class=\"elementor-element elementor-element-cf83c91 elementor-widget elementor-widget-text-editor\" data-id=\"cf83c91\" data-element_type=\"widget\" data-widget_type=\"text-editor.default\">\n\t\t\t\t<div class=\"elementor-widget-container\">\n\t\t\t\t\t\t\t<div class=\"is-root-container is-layout-flow wp-block-post-content block-editor-block-list__layout\" data-is-drop-zone=\"true\">\n<p id=\"block-1119a41c-329b-4864-8cca-097000fa9e35\" class=\"block-editor-rich-text__editable block-editor-block-list__block wp-block wp-block-paragraph rich-text\" role=\"document\" contenteditable=\"true\" aria-multiline=\"true\" aria-label=\"Bloc&nbsp;: paragraphe\" data-block=\"1119a41c-329b-4864-8cca-097000fa9e35\" data-type=\"core\/paragraph\" data-title=\"Paragraphe\" data-empty=\"false\"><strong>J&rsquo;ai r\u00e9alis\u00e9 des logos pour Kat&rsquo;n Pop avec de nombreuses id\u00e9es et une jolie r\u00e9alisation.<\/strong><\/p>\n<p id=\"block-e93c65fb-c59c-451c-a0ce-c48fe1500dbb\" class=\"block-editor-rich-text__editable block-editor-block-list__block wp-block wp-block-paragraph rich-text\" role=\"document\" contenteditable=\"true\" aria-multiline=\"true\" aria-label=\"Bloc&nbsp;: paragraphe\" data-block=\"e93c65fb-c59c-451c-a0ce-c48fe1500dbb\" data-type=\"core\/paragraph\" data-title=\"Paragraphe\" data-empty=\"false\"><strong>Merci \u00e0 elle pour sa confiance<\/strong><\/p>\n<p id=\"block-1f645937-af4f-452f-9d76-4f3f31c11790\" class=\"block-editor-rich-text__editable block-editor-block-list__block wp-block wp-block-paragraph rich-text\" role=\"document\" contenteditable=\"true\" aria-multiline=\"true\" aria-label=\"Bloc&nbsp;: paragraphe\" data-block=\"1f645937-af4f-452f-9d76-4f3f31c11790\" data-type=\"core\/paragraph\" data-title=\"Paragraphe\" data-empty=\"false\"><strong>https:\/\/www.katnpop.com\/<\/strong><\/p>\n<p><strong><a href=\"https:\/\/www.linkedin.com\/in\/kat-n-pop-3ab141274\">linkedin.com\/in\/kat-n-pop-3ab141274<\/a><\/strong><\/p>\n<\/div>\t\t\t\t\t\t<\/div>\n\t\t\t\t<\/div>\n\t\t\t\t\t<\/div>\n\t\t\t\t<\/div>\n\t\t<div class=\"elementor-element elementor-element-ffe0c6e e-flex e-con-boxed e-con e-parent\" data-id=\"ffe0c6e\" data-element_type=\"container\">\n\t\t\t\t\t<div class=\"e-con-inner\">\n\t\t\t\t<div class=\"elementor-element elementor-element-0ebede5 elementor-widget elementor-widget-image-gallery\" data-id=\"0ebede5\" data-element_type=\"widget\" data-widget_type=\"image-gallery.default\">\n\t\t\t\t<div class=\"elementor-widget-container\">\n\t\t\t\t\t<div class=\"elementor-image-gallery\">\n\t\t\t<div id='gallery-1' class='gallery galleryid-303 gallery-columns-3 gallery-size-medium_large'><figure class='gallery-item'>\n\t\t\t<div class='gallery-icon landscape'>\n\t\t\t\t<a data-elementor-open-lightbox=\"yes\" data-elementor-lightbox-slideshow=\"0ebede5\" data-elementor-lightbox-title=\"Logos_Kat_soul_AVECombre\" data-e-action-hash=\"#elementor-action%3Aaction%3Dlightbox%26settings%3DeyJpZCI6MzA2LCJ1cmwiOiJodHRwczpcL1wvYW56LmZlcmx5by5jb21cL3dwLWNvbnRlbnRcL3VwbG9hZHNcLzIwMjRcLzAyXC9Mb2dvc19LYXRfc291bF9BVkVDb21icmUuanBnIiwic2xpZGVzaG93IjoiMGViZWRlNSJ9\" href='https:\/\/anz.ferlyo.com\/wp-content\/uploads\/2024\/02\/Logos_Kat_soul_AVECombre.jpg'><img fetchpriority=\"high\" decoding=\"async\" width=\"768\" height=\"768\" src=\"https:\/\/anz.ferlyo.com\/wp-content\/uploads\/2024\/02\/Logos_Kat_soul_AVECombre-768x768.jpg\" class=\"attachment-medium_large size-medium_large\" alt=\"\" srcset=\"https:\/\/anz.ferlyo.com\/wp-content\/uploads\/2024\/02\/Logos_Kat_soul_AVECombre-768x768.jpg 768w, https:\/\/anz.ferlyo.com\/wp-content\/uploads\/2024\/02\/Logos_Kat_soul_AVECombre-300x300.jpg 300w, https:\/\/anz.ferlyo.com\/wp-content\/uploads\/2024\/02\/Logos_Kat_soul_AVECombre-1024x1024.jpg 1024w, https:\/\/anz.ferlyo.com\/wp-content\/uploads\/2024\/02\/Logos_Kat_soul_AVECombre-150x150.jpg 150w, https:\/\/anz.ferlyo.com\/wp-content\/uploads\/2024\/02\/Logos_Kat_soul_AVECombre-1536x1536.jpg 1536w, https:\/\/anz.ferlyo.com\/wp-content\/uploads\/2024\/02\/Logos_Kat_soul_AVECombre.jpg 2000w\" sizes=\"(max-width: 768px) 100vw, 768px\" \/><\/a>\n\t\t\t<\/div><\/figure><figure class='gallery-item'>\n\t\t\t<div class='gallery-icon landscape'>\n\t\t\t\t<a data-elementor-open-lightbox=\"yes\" data-elementor-lightbox-slideshow=\"0ebede5\" data-elementor-lightbox-title=\"Logos_Kat_rock_AVECombre\" data-e-action-hash=\"#elementor-action%3Aaction%3Dlightbox%26settings%3DeyJpZCI6MzA1LCJ1cmwiOiJodHRwczpcL1wvYW56LmZlcmx5by5jb21cL3dwLWNvbnRlbnRcL3VwbG9hZHNcLzIwMjRcLzAyXC9Mb2dvc19LYXRfcm9ja19BVkVDb21icmUuanBnIiwic2xpZGVzaG93IjoiMGViZWRlNSJ9\" href='https:\/\/anz.ferlyo.com\/wp-content\/uploads\/2024\/02\/Logos_Kat_rock_AVECombre.jpg'><img decoding=\"async\" width=\"768\" height=\"768\" src=\"https:\/\/anz.ferlyo.com\/wp-content\/uploads\/2024\/02\/Logos_Kat_rock_AVECombre-768x768.jpg\" class=\"attachment-medium_large size-medium_large\" alt=\"\" srcset=\"https:\/\/anz.ferlyo.com\/wp-content\/uploads\/2024\/02\/Logos_Kat_rock_AVECombre-768x768.jpg 768w, https:\/\/anz.ferlyo.com\/wp-content\/uploads\/2024\/02\/Logos_Kat_rock_AVECombre-300x300.jpg 300w, https:\/\/anz.ferlyo.com\/wp-content\/uploads\/2024\/02\/Logos_Kat_rock_AVECombre-1024x1024.jpg 1024w, https:\/\/anz.ferlyo.com\/wp-content\/uploads\/2024\/02\/Logos_Kat_rock_AVECombre-150x150.jpg 150w, https:\/\/anz.ferlyo.com\/wp-content\/uploads\/2024\/02\/Logos_Kat_rock_AVECombre-1536x1536.jpg 1536w, https:\/\/anz.ferlyo.com\/wp-content\/uploads\/2024\/02\/Logos_Kat_rock_AVECombre.jpg 2000w\" sizes=\"(max-width: 768px) 100vw, 768px\" \/><\/a>\n\t\t\t<\/div><\/figure><figure class='gallery-item'>\n\t\t\t<div class='gallery-icon landscape'>\n\t\t\t\t<a data-elementor-open-lightbox=\"yes\" data-elementor-lightbox-slideshow=\"0ebede5\" data-elementor-lightbox-title=\"Logos_Kat_pop_AVECombre\" data-e-action-hash=\"#elementor-action%3Aaction%3Dlightbox%26settings%3DeyJpZCI6MzA0LCJ1cmwiOiJodHRwczpcL1wvYW56LmZlcmx5by5jb21cL3dwLWNvbnRlbnRcL3VwbG9hZHNcLzIwMjRcLzAyXC9Mb2dvc19LYXRfcG9wX0FWRUNvbWJyZS5qcGciLCJzbGlkZXNob3ciOiIwZWJlZGU1In0%3D\" href='https:\/\/anz.ferlyo.com\/wp-content\/uploads\/2024\/02\/Logos_Kat_pop_AVECombre.jpg'><img decoding=\"async\" width=\"768\" height=\"768\" src=\"https:\/\/anz.ferlyo.com\/wp-content\/uploads\/2024\/02\/Logos_Kat_pop_AVECombre-768x768.jpg\" class=\"attachment-medium_large size-medium_large\" alt=\"\" srcset=\"https:\/\/anz.ferlyo.com\/wp-content\/uploads\/2024\/02\/Logos_Kat_pop_AVECombre-768x768.jpg 768w, https:\/\/anz.ferlyo.com\/wp-content\/uploads\/2024\/02\/Logos_Kat_pop_AVECombre-300x300.jpg 300w, https:\/\/anz.ferlyo.com\/wp-content\/uploads\/2024\/02\/Logos_Kat_pop_AVECombre-1024x1024.jpg 1024w, https:\/\/anz.ferlyo.com\/wp-content\/uploads\/2024\/02\/Logos_Kat_pop_AVECombre-150x150.jpg 150w, https:\/\/anz.ferlyo.com\/wp-content\/uploads\/2024\/02\/Logos_Kat_pop_AVECombre-1536x1536.jpg 1536w, https:\/\/anz.ferlyo.com\/wp-content\/uploads\/2024\/02\/Logos_Kat_pop_AVECombre.jpg 2000w\" sizes=\"(max-width: 768px) 100vw, 768px\" \/><\/a>\n\t\t\t<\/div><\/figure>\n\t\t<\/div>\n\t\t<\/div>\n\t\t\t\t<\/div>\n\t\t\t\t<\/div>\n\t\t\t\t\t<\/div>\n\t\t\t\t<\/div>\n\t\t\t\t<\/div>\n\t\t","protected":false},"excerpt":{"rendered":"<p>Projet Logo pour un groupe acoustique J&rsquo;ai r\u00e9alis\u00e9 des logos pour Kat&rsquo;n Pop avec de nombreuses id\u00e9es et une jolie r\u00e9alisation. Merci \u00e0 elle pour sa confiance https:\/\/www.katnpop.com\/ linkedin.com\/in\/kat-n-pop-3ab141274<\/p>\n","protected":false},"author":1,"featured_media":304,"parent":0,"menu_order":0,"comment_status":"closed","ping_status":"closed","template":"","meta":{"footnotes":""},"_links":{"self":[{"href":"https:\/\/anz.ferlyo.com\/index.php?rest_route=\/wp\/v2\/pages\/303"}],"collection":[{"href":"https:\/\/anz.ferlyo.com\/index.php?rest_route=\/wp\/v2\/pages"}],"about":[{"href":"https:\/\/anz.ferlyo.com\/index.php?rest_route=\/wp\/v2\/types\/page"}],"author":[{"embeddable":true,"href":"https:\/\/anz.ferlyo.com\/index.php?rest_route=\/wp\/v2\/users\/1"}],"replies":[{"embeddable":true,"href":"https:\/\/anz.ferlyo.com\/index.php?rest_route=%2Fwp%2Fv2%2Fcomments&post=303"}],"version-history":[{"count":9,"href":"https:\/\/anz.ferlyo.com\/index.php?rest_route=\/wp\/v2\/pages\/303\/revisions"}],"predecessor-version":[{"id":409,"href":"https:\/\/anz.ferlyo.com\/index.php?rest_route=\/wp\/v2\/pages\/303\/revisions\/409"}],"wp:featuredmedia":[{"embeddable":true,"href":"https:\/\/anz.ferlyo.com\/index.php?rest_route=\/wp\/v2\/media\/304"}],"wp:attachment":[{"href":"https:\/\/anz.ferlyo.com\/index.php?rest_route=%2Fwp%2Fv2%2Fmedia&parent=303"}],"curies":[{"name":"wp","href":"https:\/\/api.w.org\/{rel}","templated":true}]}}